{"id":19049,"date":"2014-07-18T12:01:23","date_gmt":"2014-07-18T12:01:23","guid":{"rendered":"http:\/\/www.morritz.ee\/en\/tooted\/prestige-lime-tie-ti0890\/"},"modified":"2014-07-18T12:01:23","modified_gmt":"2014-07-18T12:01:23","slug":"prestige-lime-tie-ti0890","status":"publish","type":"product","link":"https:\/\/morritz.ee\/en\/toode\/prestige-lime-tie-ti0890\/","title":{"rendered":"Prestige lime tie TI0890"},"content":{"rendered":"","protected":false},"excerpt":{"rendered":"<div>\n<p>70% siid 30% pol\u00fcester.<\/p>\n<p>Vaata lisa Simon Jersey kataloogist lk 220.<\/p>\n<\/div>\n<form id=\"product_1644\" action=\"https:\/\/morritz.ee\/tootekataloog\/sallid-ja-lipsud\/prestige-lime-tie-ti0890\/\" enctype=\"multipart\/form-data\" method=\"post\" name=\"1\">\n<div><\/div>\n<\/form>\n<p><a href=\"https:\/\/morritz.ee\/wp-content\/uploads\/2011\/09\/Size-charts.jpg\" target=\"_blank\">M\u00f5\u00f5tude tabel<\/a><\/p>\n","protected":false},"featured_media":17159,"template":"","meta":{"_acf_changed":false},"product_brand":[],"product_cat":[108],"product_tag":[],"class_list":{"0":"post-19049","1":"product","2":"type-product","3":"status-publish","4":"has-post-thumbnail","6":"product_cat-scarfs-and-ties","8":"first","9":"instock","10":"shipping-taxable","11":"product-type-simple"},"acf":[],"yoast_head":"<!-- This site is optimized with the Yoast SEO plugin v27.3 - https:\/\/yoast.com\/product\/yoast-seo-wordpress\/ -->\n<title>Prestige lime tie TI0890 - Morritz Fashion<\/title>\n<meta name=\"robots\" content=\"index, follow, max-snippet:-1, max-image-preview:large, max-video-preview:-1\" \/>\n<link rel=\"canonical\" href=\"https:\/\/morritz.ee\/en\/toode\/prestige-lime-tie-ti0890\/\" \/>\n<meta property=\"og:locale\" content=\"en_US\" \/>\n<meta property=\"og:type\" content=\"article\" \/>\n<meta property=\"og:title\" content=\"Prestige lime tie TI0890 - Morritz Fashion\" \/>\n<meta property=\"og:description\" content=\"70% siid 30% pol\u00fcester. Vaata lisa Simon Jersey kataloogist lk 220.   M\u00f5\u00f5tude tabel\" \/>\n<meta property=\"og:url\" content=\"https:\/\/morritz.ee\/en\/toode\/prestige-lime-tie-ti0890\/\" \/>\n<meta property=\"og:site_name\" content=\"Morritz Fashion\" \/>\n<meta property=\"og:image\" content=\"https:\/\/morritz.ee\/wp-content\/uploads\/2014\/07\/lips4-127x148.png\" \/>\n\t<meta property=\"og:image:width\" content=\"127\" \/>\n\t<meta property=\"og:image:height\" content=\"148\" \/>\n\t<meta property=\"og:image:type\" content=\"image\/png\" \/>\n<meta name=\"twitter:card\" content=\"summary_large_image\" \/>\n<script type=\"application\/ld+json\" class=\"yoast-schema-graph\">{\"@context\":\"https:\\\/\\\/schema.org\",\"@graph\":[{\"@type\":\"WebPage\",\"@id\":\"https:\\\/\\\/morritz.ee\\\/en\\\/toode\\\/prestige-lime-tie-ti0890\\\/\",\"url\":\"https:\\\/\\\/morritz.ee\\\/en\\\/toode\\\/prestige-lime-tie-ti0890\\\/\",\"name\":\"Prestige lime tie TI0890 - Morritz Fashion\",\"isPartOf\":{\"@id\":\"https:\\\/\\\/morritz.ee\\\/en\\\/#website\"},\"primaryImageOfPage\":{\"@id\":\"https:\\\/\\\/morritz.ee\\\/en\\\/toode\\\/prestige-lime-tie-ti0890\\\/#primaryimage\"},\"image\":{\"@id\":\"https:\\\/\\\/morritz.ee\\\/en\\\/toode\\\/prestige-lime-tie-ti0890\\\/#primaryimage\"},\"thumbnailUrl\":\"https:\\\/\\\/morritz.ee\\\/wp-content\\\/uploads\\\/2014\\\/07\\\/lips4-127x148.png\",\"datePublished\":\"2014-07-18T12:01:23+00:00\",\"breadcrumb\":{\"@id\":\"https:\\\/\\\/morritz.ee\\\/en\\\/toode\\\/prestige-lime-tie-ti0890\\\/#breadcrumb\"},\"inLanguage\":\"en-US\",\"potentialAction\":[{\"@type\":\"ReadAction\",\"target\":[\"https:\\\/\\\/morritz.ee\\\/en\\\/toode\\\/prestige-lime-tie-ti0890\\\/\"]}]},{\"@type\":\"ImageObject\",\"inLanguage\":\"en-US\",\"@id\":\"https:\\\/\\\/morritz.ee\\\/en\\\/toode\\\/prestige-lime-tie-ti0890\\\/#primaryimage\",\"url\":\"https:\\\/\\\/morritz.ee\\\/wp-content\\\/uploads\\\/2014\\\/07\\\/lips4-127x148.png\",\"contentUrl\":\"https:\\\/\\\/morritz.ee\\\/wp-content\\\/uploads\\\/2014\\\/07\\\/lips4-127x148.png\",\"width\":127,\"height\":148},{\"@type\":\"BreadcrumbList\",\"@id\":\"https:\\\/\\\/morritz.ee\\\/en\\\/toode\\\/prestige-lime-tie-ti0890\\\/#breadcrumb\",\"itemListElement\":[{\"@type\":\"ListItem\",\"position\":1,\"name\":\"Home\",\"item\":\"https:\\\/\\\/morritz.ee\\\/en\\\/\"},{\"@type\":\"ListItem\",\"position\":2,\"name\":\"Tooted\",\"item\":\"https:\\\/\\\/morritz.ee\\\/tooted\\\/\"},{\"@type\":\"ListItem\",\"position\":3,\"name\":\"Prestige lime tie TI0890\"}]},{\"@type\":\"WebSite\",\"@id\":\"https:\\\/\\\/morritz.ee\\\/en\\\/#website\",\"url\":\"https:\\\/\\\/morritz.ee\\\/en\\\/\",\"name\":\"Morritz Fashion\",\"description\":\"\",\"potentialAction\":[{\"@type\":\"SearchAction\",\"target\":{\"@type\":\"EntryPoint\",\"urlTemplate\":\"https:\\\/\\\/morritz.ee\\\/en\\\/?s={search_term_string}\"},\"query-input\":{\"@type\":\"PropertyValueSpecification\",\"valueRequired\":true,\"valueName\":\"search_term_string\"}}],\"inLanguage\":\"en-US\"}]}<\/script>\n<!-- \/ Yoast SEO plugin. -->","yoast_head_json":{"title":"Prestige lime tie TI0890 - Morritz Fashion","robots":{"index":"index","follow":"follow","max-snippet":"max-snippet:-1","max-image-preview":"max-image-preview:large","max-video-preview":"max-video-preview:-1"},"canonical":"https:\/\/morritz.ee\/en\/toode\/prestige-lime-tie-ti0890\/","og_locale":"en_US","og_type":"article","og_title":"Prestige lime tie TI0890 - Morritz Fashion","og_description":"70% siid 30% pol\u00fcester. Vaata lisa Simon Jersey kataloogist lk 220.   M\u00f5\u00f5tude tabel","og_url":"https:\/\/morritz.ee\/en\/toode\/prestige-lime-tie-ti0890\/","og_site_name":"Morritz Fashion","og_image":[{"width":127,"height":148,"url":"https:\/\/morritz.ee\/wp-content\/uploads\/2014\/07\/lips4-127x148.png","type":"image\/png"}],"twitter_card":"summary_large_image","schema":{"@context":"https:\/\/schema.org","@graph":[{"@type":"WebPage","@id":"https:\/\/morritz.ee\/en\/toode\/prestige-lime-tie-ti0890\/","url":"https:\/\/morritz.ee\/en\/toode\/prestige-lime-tie-ti0890\/","name":"Prestige lime tie TI0890 - Morritz Fashion","isPartOf":{"@id":"https:\/\/morritz.ee\/en\/#website"},"primaryImageOfPage":{"@id":"https:\/\/morritz.ee\/en\/toode\/prestige-lime-tie-ti0890\/#primaryimage"},"image":{"@id":"https:\/\/morritz.ee\/en\/toode\/prestige-lime-tie-ti0890\/#primaryimage"},"thumbnailUrl":"https:\/\/morritz.ee\/wp-content\/uploads\/2014\/07\/lips4-127x148.png","datePublished":"2014-07-18T12:01:23+00:00","breadcrumb":{"@id":"https:\/\/morritz.ee\/en\/toode\/prestige-lime-tie-ti0890\/#breadcrumb"},"inLanguage":"en-US","potentialAction":[{"@type":"ReadAction","target":["https:\/\/morritz.ee\/en\/toode\/prestige-lime-tie-ti0890\/"]}]},{"@type":"ImageObject","inLanguage":"en-US","@id":"https:\/\/morritz.ee\/en\/toode\/prestige-lime-tie-ti0890\/#primaryimage","url":"https:\/\/morritz.ee\/wp-content\/uploads\/2014\/07\/lips4-127x148.png","contentUrl":"https:\/\/morritz.ee\/wp-content\/uploads\/2014\/07\/lips4-127x148.png","width":127,"height":148},{"@type":"BreadcrumbList","@id":"https:\/\/morritz.ee\/en\/toode\/prestige-lime-tie-ti0890\/#breadcrumb","itemListElement":[{"@type":"ListItem","position":1,"name":"Home","item":"https:\/\/morritz.ee\/en\/"},{"@type":"ListItem","position":2,"name":"Tooted","item":"https:\/\/morritz.ee\/tooted\/"},{"@type":"ListItem","position":3,"name":"Prestige lime tie TI0890"}]},{"@type":"WebSite","@id":"https:\/\/morritz.ee\/en\/#website","url":"https:\/\/morritz.ee\/en\/","name":"Morritz Fashion","description":"","potentialAction":[{"@type":"SearchAction","target":{"@type":"EntryPoint","urlTemplate":"https:\/\/morritz.ee\/en\/?s={search_term_string}"},"query-input":{"@type":"PropertyValueSpecification","valueRequired":true,"valueName":"search_term_string"}}],"inLanguage":"en-US"}]}},"_links":{"self":[{"href":"https:\/\/morritz.ee\/en\/wp-json\/wp\/v2\/product\/19049","targetHints":{"allow":["GET"]}}],"collection":[{"href":"https:\/\/morritz.ee\/en\/wp-json\/wp\/v2\/product"}],"about":[{"href":"https:\/\/morritz.ee\/en\/wp-json\/wp\/v2\/types\/product"}],"wp:featuredmedia":[{"embeddable":true,"href":"https:\/\/morritz.ee\/en\/wp-json\/wp\/v2\/media\/17159"}],"wp:attachment":[{"href":"https:\/\/morritz.ee\/en\/wp-json\/wp\/v2\/media?parent=19049"}],"wp:term":[{"taxonomy":"product_brand","embeddable":true,"href":"https:\/\/morritz.ee\/en\/wp-json\/wp\/v2\/product_brand?post=19049"},{"taxonomy":"product_cat","embeddable":true,"href":"https:\/\/morritz.ee\/en\/wp-json\/wp\/v2\/product_cat?post=19049"},{"taxonomy":"product_tag","embeddable":true,"href":"https:\/\/morritz.ee\/en\/wp-json\/wp\/v2\/product_tag?post=19049"}],"curies":[{"name":"wp","href":"https:\/\/api.w.org\/{rel}","templated":true}]}}