{"id":18966,"date":"2014-07-21T12:55:27","date_gmt":"2014-07-21T12:55:27","guid":{"rendered":"http:\/\/www.morritz.ee\/en\/tooted\/unisex-drawstring-kokap%c3%bcksid-wtct0310\/"},"modified":"2015-11-10T20:18:30","modified_gmt":"2015-11-10T18:18:30","slug":"unisex-drawstring-kokap%c3%bcksid-wtct0310","status":"publish","type":"product","link":"https:\/\/morritz.ee\/en\/toode\/unisex-drawstring-kokap%c3%bcksid-wtct0310\/","title":{"rendered":"Unisex Drawstring chef&#8217;s trousers  WTCT0310"},"content":{"rendered":"","protected":false},"excerpt":{"rendered":"<div>\n<p>65% pol\u00fcester, 35% puuvill.<br \/>\nElastne v\u00f6\u00f6, k\u00fcljetaskud, tagatasku.<br \/>\nSisejala pikkus 89cm\/35in:<br \/>\nPesta 60\u00b0 vees.<br \/>\nSuurus S \u2013 XXL<\/p>\n<\/div>\n<form id=\"product_1154\" action=\"https:\/\/morritz.ee\/tootekataloog\/kokapuksid\/unisex-drawstring-kokapuksid-wtct0310-lk-198\/\" enctype=\"multipart\/form-data\" method=\"post\" name=\"1\">\n<div><\/div>\n<\/form>\n<p><a href=\"https:\/\/morritz.ee\/wp-content\/uploads\/2011\/09\/Size-charts.jpg\" target=\"_blank\">M\u00f5\u00f5tude tabel<\/a><\/p>\n","protected":false},"featured_media":17421,"template":"","meta":{"_acf_changed":false},"product_brand":[],"product_cat":[112],"product_tag":[],"class_list":{"0":"post-18966","1":"product","2":"type-product","3":"status-publish","4":"has-post-thumbnail","6":"product_cat-chef-trousers","8":"first","9":"instock","10":"shipping-taxable","11":"product-type-simple"},"acf":[],"yoast_head":"<!-- This site is optimized with the Yoast SEO plugin v27.3 - https:\/\/yoast.com\/product\/yoast-seo-wordpress\/ -->\n<title>Unisex Drawstring chef&#039;s trousers WTCT0310 - Morritz Fashion<\/title>\n<meta name=\"robots\" content=\"index, follow, max-snippet:-1, max-image-preview:large, max-video-preview:-1\" \/>\n<link rel=\"canonical\" href=\"https:\/\/morritz.ee\/en\/toode\/unisex-drawstring-kokap%c3%bcksid-wtct0310\/\" \/>\n<meta property=\"og:locale\" content=\"en_US\" \/>\n<meta property=\"og:type\" content=\"article\" \/>\n<meta property=\"og:title\" content=\"Unisex Drawstring chef&#039;s trousers WTCT0310 - Morritz Fashion\" \/>\n<meta property=\"og:description\" content=\"65% pol\u00fcester, 35% puuvill. Elastne v\u00f6\u00f6, k\u00fcljetaskud, tagatasku. Sisejala pikkus 89cm\/35in: Pesta 60\u00b0 vees. Suurus S \u2013 XXL     M\u00f5\u00f5tude tabel\" \/>\n<meta property=\"og:url\" content=\"https:\/\/morritz.ee\/en\/toode\/unisex-drawstring-kokap%c3%bcksid-wtct0310\/\" \/>\n<meta property=\"og:site_name\" content=\"Morritz Fashion\" \/>\n<meta property=\"article:modified_time\" content=\"2015-11-10T18:18:30+00:00\" \/>\n<meta property=\"og:image\" content=\"https:\/\/morritz.ee\/wp-content\/uploads\/2014\/07\/Unisex-Drawstring-kokap\u00fcksid-WTCT0310-lk-198-118x148.jpg\" \/>\n\t<meta property=\"og:image:width\" content=\"118\" \/>\n\t<meta property=\"og:image:height\" content=\"148\" \/>\n\t<meta property=\"og:image:type\" content=\"image\/jpeg\" \/>\n<meta name=\"twitter:card\" content=\"summary_large_image\" \/>\n<script type=\"application\/ld+json\" class=\"yoast-schema-graph\">{\"@context\":\"https:\\\/\\\/schema.org\",\"@graph\":[{\"@type\":\"WebPage\",\"@id\":\"https:\\\/\\\/morritz.ee\\\/en\\\/toode\\\/unisex-drawstring-kokap%c3%bcksid-wtct0310\\\/\",\"url\":\"https:\\\/\\\/morritz.ee\\\/en\\\/toode\\\/unisex-drawstring-kokap%c3%bcksid-wtct0310\\\/\",\"name\":\"Unisex Drawstring chef's trousers WTCT0310 - Morritz Fashion\",\"isPartOf\":{\"@id\":\"https:\\\/\\\/morritz.ee\\\/en\\\/#website\"},\"primaryImageOfPage\":{\"@id\":\"https:\\\/\\\/morritz.ee\\\/en\\\/toode\\\/unisex-drawstring-kokap%c3%bcksid-wtct0310\\\/#primaryimage\"},\"image\":{\"@id\":\"https:\\\/\\\/morritz.ee\\\/en\\\/toode\\\/unisex-drawstring-kokap%c3%bcksid-wtct0310\\\/#primaryimage\"},\"thumbnailUrl\":\"https:\\\/\\\/morritz.ee\\\/wp-content\\\/uploads\\\/2014\\\/07\\\/Unisex-Drawstring-kokap\u00fcksid-WTCT0310-lk-198-118x148.jpg\",\"datePublished\":\"2014-07-21T12:55:27+00:00\",\"dateModified\":\"2015-11-10T18:18:30+00:00\",\"breadcrumb\":{\"@id\":\"https:\\\/\\\/morritz.ee\\\/en\\\/toode\\\/unisex-drawstring-kokap%c3%bcksid-wtct0310\\\/#breadcrumb\"},\"inLanguage\":\"en-US\",\"potentialAction\":[{\"@type\":\"ReadAction\",\"target\":[\"https:\\\/\\\/morritz.ee\\\/en\\\/toode\\\/unisex-drawstring-kokap%c3%bcksid-wtct0310\\\/\"]}]},{\"@type\":\"ImageObject\",\"inLanguage\":\"en-US\",\"@id\":\"https:\\\/\\\/morritz.ee\\\/en\\\/toode\\\/unisex-drawstring-kokap%c3%bcksid-wtct0310\\\/#primaryimage\",\"url\":\"https:\\\/\\\/morritz.ee\\\/wp-content\\\/uploads\\\/2014\\\/07\\\/Unisex-Drawstring-kokap\u00fcksid-WTCT0310-lk-198-118x148.jpg\",\"contentUrl\":\"https:\\\/\\\/morritz.ee\\\/wp-content\\\/uploads\\\/2014\\\/07\\\/Unisex-Drawstring-kokap\u00fcksid-WTCT0310-lk-198-118x148.jpg\",\"width\":118,\"height\":148},{\"@type\":\"BreadcrumbList\",\"@id\":\"https:\\\/\\\/morritz.ee\\\/en\\\/toode\\\/unisex-drawstring-kokap%c3%bcksid-wtct0310\\\/#breadcrumb\",\"itemListElement\":[{\"@type\":\"ListItem\",\"position\":1,\"name\":\"Home\",\"item\":\"https:\\\/\\\/morritz.ee\\\/en\\\/\"},{\"@type\":\"ListItem\",\"position\":2,\"name\":\"Tooted\",\"item\":\"https:\\\/\\\/morritz.ee\\\/tooted\\\/\"},{\"@type\":\"ListItem\",\"position\":3,\"name\":\"Unisex Drawstring chef&#8217;s trousers WTCT0310\"}]},{\"@type\":\"WebSite\",\"@id\":\"https:\\\/\\\/morritz.ee\\\/en\\\/#website\",\"url\":\"https:\\\/\\\/morritz.ee\\\/en\\\/\",\"name\":\"Morritz Fashion\",\"description\":\"\",\"potentialAction\":[{\"@type\":\"SearchAction\",\"target\":{\"@type\":\"EntryPoint\",\"urlTemplate\":\"https:\\\/\\\/morritz.ee\\\/en\\\/?s={search_term_string}\"},\"query-input\":{\"@type\":\"PropertyValueSpecification\",\"valueRequired\":true,\"valueName\":\"search_term_string\"}}],\"inLanguage\":\"en-US\"}]}<\/script>\n<!-- \/ Yoast SEO plugin. -->","yoast_head_json":{"title":"Unisex Drawstring chef's trousers WTCT0310 - Morritz Fashion","robots":{"index":"index","follow":"follow","max-snippet":"max-snippet:-1","max-image-preview":"max-image-preview:large","max-video-preview":"max-video-preview:-1"},"canonical":"https:\/\/morritz.ee\/en\/toode\/unisex-drawstring-kokap%c3%bcksid-wtct0310\/","og_locale":"en_US","og_type":"article","og_title":"Unisex Drawstring chef's trousers WTCT0310 - Morritz Fashion","og_description":"65% pol\u00fcester, 35% puuvill. Elastne v\u00f6\u00f6, k\u00fcljetaskud, tagatasku. Sisejala pikkus 89cm\/35in: Pesta 60\u00b0 vees. Suurus S \u2013 XXL     M\u00f5\u00f5tude tabel","og_url":"https:\/\/morritz.ee\/en\/toode\/unisex-drawstring-kokap%c3%bcksid-wtct0310\/","og_site_name":"Morritz Fashion","article_modified_time":"2015-11-10T18:18:30+00:00","og_image":[{"width":118,"height":148,"url":"https:\/\/morritz.ee\/wp-content\/uploads\/2014\/07\/Unisex-Drawstring-kokap\u00fcksid-WTCT0310-lk-198-118x148.jpg","type":"image\/jpeg"}],"twitter_card":"summary_large_image","schema":{"@context":"https:\/\/schema.org","@graph":[{"@type":"WebPage","@id":"https:\/\/morritz.ee\/en\/toode\/unisex-drawstring-kokap%c3%bcksid-wtct0310\/","url":"https:\/\/morritz.ee\/en\/toode\/unisex-drawstring-kokap%c3%bcksid-wtct0310\/","name":"Unisex Drawstring chef's trousers WTCT0310 - Morritz Fashion","isPartOf":{"@id":"https:\/\/morritz.ee\/en\/#website"},"primaryImageOfPage":{"@id":"https:\/\/morritz.ee\/en\/toode\/unisex-drawstring-kokap%c3%bcksid-wtct0310\/#primaryimage"},"image":{"@id":"https:\/\/morritz.ee\/en\/toode\/unisex-drawstring-kokap%c3%bcksid-wtct0310\/#primaryimage"},"thumbnailUrl":"https:\/\/morritz.ee\/wp-content\/uploads\/2014\/07\/Unisex-Drawstring-kokap\u00fcksid-WTCT0310-lk-198-118x148.jpg","datePublished":"2014-07-21T12:55:27+00:00","dateModified":"2015-11-10T18:18:30+00:00","breadcrumb":{"@id":"https:\/\/morritz.ee\/en\/toode\/unisex-drawstring-kokap%c3%bcksid-wtct0310\/#breadcrumb"},"inLanguage":"en-US","potentialAction":[{"@type":"ReadAction","target":["https:\/\/morritz.ee\/en\/toode\/unisex-drawstring-kokap%c3%bcksid-wtct0310\/"]}]},{"@type":"ImageObject","inLanguage":"en-US","@id":"https:\/\/morritz.ee\/en\/toode\/unisex-drawstring-kokap%c3%bcksid-wtct0310\/#primaryimage","url":"https:\/\/morritz.ee\/wp-content\/uploads\/2014\/07\/Unisex-Drawstring-kokap\u00fcksid-WTCT0310-lk-198-118x148.jpg","contentUrl":"https:\/\/morritz.ee\/wp-content\/uploads\/2014\/07\/Unisex-Drawstring-kokap\u00fcksid-WTCT0310-lk-198-118x148.jpg","width":118,"height":148},{"@type":"BreadcrumbList","@id":"https:\/\/morritz.ee\/en\/toode\/unisex-drawstring-kokap%c3%bcksid-wtct0310\/#breadcrumb","itemListElement":[{"@type":"ListItem","position":1,"name":"Home","item":"https:\/\/morritz.ee\/en\/"},{"@type":"ListItem","position":2,"name":"Tooted","item":"https:\/\/morritz.ee\/tooted\/"},{"@type":"ListItem","position":3,"name":"Unisex Drawstring chef&#8217;s trousers WTCT0310"}]},{"@type":"WebSite","@id":"https:\/\/morritz.ee\/en\/#website","url":"https:\/\/morritz.ee\/en\/","name":"Morritz Fashion","description":"","potentialAction":[{"@type":"SearchAction","target":{"@type":"EntryPoint","urlTemplate":"https:\/\/morritz.ee\/en\/?s={search_term_string}"},"query-input":{"@type":"PropertyValueSpecification","valueRequired":true,"valueName":"search_term_string"}}],"inLanguage":"en-US"}]}},"_links":{"self":[{"href":"https:\/\/morritz.ee\/en\/wp-json\/wp\/v2\/product\/18966","targetHints":{"allow":["GET"]}}],"collection":[{"href":"https:\/\/morritz.ee\/en\/wp-json\/wp\/v2\/product"}],"about":[{"href":"https:\/\/morritz.ee\/en\/wp-json\/wp\/v2\/types\/product"}],"wp:featuredmedia":[{"embeddable":true,"href":"https:\/\/morritz.ee\/en\/wp-json\/wp\/v2\/media\/17421"}],"wp:attachment":[{"href":"https:\/\/morritz.ee\/en\/wp-json\/wp\/v2\/media?parent=18966"}],"wp:term":[{"taxonomy":"product_brand","embeddable":true,"href":"https:\/\/morritz.ee\/en\/wp-json\/wp\/v2\/product_brand?post=18966"},{"taxonomy":"product_cat","embeddable":true,"href":"https:\/\/morritz.ee\/en\/wp-json\/wp\/v2\/product_cat?post=18966"},{"taxonomy":"product_tag","embeddable":true,"href":"https:\/\/morritz.ee\/en\/wp-json\/wp\/v2\/product_tag?post=18966"}],"curies":[{"name":"wp","href":"https:\/\/api.w.org\/{rel}","templated":true}]}}