{"id":18961,"date":"2014-07-21T12:57:24","date_gmt":"2014-07-21T12:57:24","guid":{"rendered":"http:\/\/www.morritz.ee\/en\/tooted\/kokap%c3%bcksid-unisex-black-and-white-multi-check-wtct0200\/"},"modified":"2015-11-10T20:16:35","modified_gmt":"2015-11-10T18:16:35","slug":"kokap%c3%bcksid-unisex-black-and-white-multi-check-wtct0200","status":"publish","type":"product","link":"https:\/\/morritz.ee\/en\/toode\/kokap%c3%bcksid-unisex-black-and-white-multi-check-wtct0200\/","title":{"rendered":"The chef&#8217;s trousers  Unisex Black and white multi check WTCT0200"},"content":{"rendered":"","protected":false},"excerpt":{"rendered":"<div>\n<p>Elastne v\u00f6\u00f6koht krookpaelaga, k\u00fclje- ja tagatasku. Jala pikkus 89cm\/35in.<\/p>\n<p>100% puuvill.<br \/>\nPesta 60\u00b0 vees.<\/p>\n<p>Suurus S-XXL<\/p>\n<\/div>\n<form id=\"product_618\" action=\"https:\/\/morritz.ee\/tootekataloog\/kokad\/kokapuksid-unisex-black-and-white-multi-check-wtct0200-lk-200\/\" enctype=\"multipart\/form-data\" method=\"post\" name=\"1\">\n<div><\/div>\n<\/form>\n<p><a href=\"https:\/\/morritz.ee\/wp-content\/uploads\/2011\/09\/Size-charts.jpg\" target=\"_blank\">M\u00f5\u00f5tude tabel<\/a><\/p>\n","protected":false},"featured_media":17426,"template":"","meta":{"_acf_changed":false},"product_brand":[],"product_cat":[112],"product_tag":[],"class_list":{"0":"post-18961","1":"product","2":"type-product","3":"status-publish","4":"has-post-thumbnail","6":"product_cat-chef-trousers","8":"first","9":"instock","10":"shipping-taxable","11":"product-type-simple"},"acf":[],"yoast_head":"<!-- This site is optimized with the Yoast SEO plugin v27.3 - https:\/\/yoast.com\/product\/yoast-seo-wordpress\/ -->\n<title>The chef&#039;s trousers Unisex Black and white multi check WTCT0200 - Morritz Fashion<\/title>\n<meta name=\"robots\" content=\"index, follow, max-snippet:-1, max-image-preview:large, max-video-preview:-1\" \/>\n<link rel=\"canonical\" href=\"https:\/\/morritz.ee\/en\/toode\/kokap%c3%bcksid-unisex-black-and-white-multi-check-wtct0200\/\" \/>\n<meta property=\"og:locale\" content=\"en_US\" \/>\n<meta property=\"og:type\" content=\"article\" \/>\n<meta property=\"og:title\" content=\"The chef&#039;s trousers Unisex Black and white multi check WTCT0200 - Morritz Fashion\" \/>\n<meta property=\"og:description\" content=\"Elastne v\u00f6\u00f6koht krookpaelaga, k\u00fclje- ja tagatasku. Jala pikkus 89cm\/35in.  100% puuvill. Pesta 60\u00b0 vees.  Suurus S-XXL     M\u00f5\u00f5tude tabel\" \/>\n<meta property=\"og:url\" content=\"https:\/\/morritz.ee\/en\/toode\/kokap%c3%bcksid-unisex-black-and-white-multi-check-wtct0200\/\" \/>\n<meta property=\"og:site_name\" content=\"Morritz Fashion\" \/>\n<meta property=\"article:modified_time\" content=\"2015-11-10T18:16:35+00:00\" \/>\n<meta property=\"og:image\" content=\"https:\/\/morritz.ee\/wp-content\/uploads\/2014\/07\/CT0220-88x148.jpg\" \/>\n\t<meta property=\"og:image:width\" content=\"88\" \/>\n\t<meta property=\"og:image:height\" content=\"148\" \/>\n\t<meta property=\"og:image:type\" content=\"image\/jpeg\" \/>\n<meta name=\"twitter:card\" content=\"summary_large_image\" \/>\n<script type=\"application\/ld+json\" class=\"yoast-schema-graph\">{\"@context\":\"https:\\\/\\\/schema.org\",\"@graph\":[{\"@type\":\"WebPage\",\"@id\":\"https:\\\/\\\/morritz.ee\\\/en\\\/toode\\\/kokap%c3%bcksid-unisex-black-and-white-multi-check-wtct0200\\\/\",\"url\":\"https:\\\/\\\/morritz.ee\\\/en\\\/toode\\\/kokap%c3%bcksid-unisex-black-and-white-multi-check-wtct0200\\\/\",\"name\":\"The chef's trousers Unisex Black and white multi check WTCT0200 - Morritz Fashion\",\"isPartOf\":{\"@id\":\"https:\\\/\\\/morritz.ee\\\/en\\\/#website\"},\"primaryImageOfPage\":{\"@id\":\"https:\\\/\\\/morritz.ee\\\/en\\\/toode\\\/kokap%c3%bcksid-unisex-black-and-white-multi-check-wtct0200\\\/#primaryimage\"},\"image\":{\"@id\":\"https:\\\/\\\/morritz.ee\\\/en\\\/toode\\\/kokap%c3%bcksid-unisex-black-and-white-multi-check-wtct0200\\\/#primaryimage\"},\"thumbnailUrl\":\"https:\\\/\\\/morritz.ee\\\/wp-content\\\/uploads\\\/2014\\\/07\\\/CT0220-88x148.jpg\",\"datePublished\":\"2014-07-21T12:57:24+00:00\",\"dateModified\":\"2015-11-10T18:16:35+00:00\",\"breadcrumb\":{\"@id\":\"https:\\\/\\\/morritz.ee\\\/en\\\/toode\\\/kokap%c3%bcksid-unisex-black-and-white-multi-check-wtct0200\\\/#breadcrumb\"},\"inLanguage\":\"en-US\",\"potentialAction\":[{\"@type\":\"ReadAction\",\"target\":[\"https:\\\/\\\/morritz.ee\\\/en\\\/toode\\\/kokap%c3%bcksid-unisex-black-and-white-multi-check-wtct0200\\\/\"]}]},{\"@type\":\"ImageObject\",\"inLanguage\":\"en-US\",\"@id\":\"https:\\\/\\\/morritz.ee\\\/en\\\/toode\\\/kokap%c3%bcksid-unisex-black-and-white-multi-check-wtct0200\\\/#primaryimage\",\"url\":\"https:\\\/\\\/morritz.ee\\\/wp-content\\\/uploads\\\/2014\\\/07\\\/CT0220-88x148.jpg\",\"contentUrl\":\"https:\\\/\\\/morritz.ee\\\/wp-content\\\/uploads\\\/2014\\\/07\\\/CT0220-88x148.jpg\",\"width\":88,\"height\":148},{\"@type\":\"BreadcrumbList\",\"@id\":\"https:\\\/\\\/morritz.ee\\\/en\\\/toode\\\/kokap%c3%bcksid-unisex-black-and-white-multi-check-wtct0200\\\/#breadcrumb\",\"itemListElement\":[{\"@type\":\"ListItem\",\"position\":1,\"name\":\"Home\",\"item\":\"https:\\\/\\\/morritz.ee\\\/en\\\/\"},{\"@type\":\"ListItem\",\"position\":2,\"name\":\"Tooted\",\"item\":\"https:\\\/\\\/morritz.ee\\\/tooted\\\/\"},{\"@type\":\"ListItem\",\"position\":3,\"name\":\"The chef&#8217;s trousers Unisex Black and white multi check WTCT0200\"}]},{\"@type\":\"WebSite\",\"@id\":\"https:\\\/\\\/morritz.ee\\\/en\\\/#website\",\"url\":\"https:\\\/\\\/morritz.ee\\\/en\\\/\",\"name\":\"Morritz Fashion\",\"description\":\"\",\"potentialAction\":[{\"@type\":\"SearchAction\",\"target\":{\"@type\":\"EntryPoint\",\"urlTemplate\":\"https:\\\/\\\/morritz.ee\\\/en\\\/?s={search_term_string}\"},\"query-input\":{\"@type\":\"PropertyValueSpecification\",\"valueRequired\":true,\"valueName\":\"search_term_string\"}}],\"inLanguage\":\"en-US\"}]}<\/script>\n<!-- \/ Yoast SEO plugin. -->","yoast_head_json":{"title":"The chef's trousers Unisex Black and white multi check WTCT0200 - Morritz Fashion","robots":{"index":"index","follow":"follow","max-snippet":"max-snippet:-1","max-image-preview":"max-image-preview:large","max-video-preview":"max-video-preview:-1"},"canonical":"https:\/\/morritz.ee\/en\/toode\/kokap%c3%bcksid-unisex-black-and-white-multi-check-wtct0200\/","og_locale":"en_US","og_type":"article","og_title":"The chef's trousers Unisex Black and white multi check WTCT0200 - Morritz Fashion","og_description":"Elastne v\u00f6\u00f6koht krookpaelaga, k\u00fclje- ja tagatasku. Jala pikkus 89cm\/35in.  100% puuvill. Pesta 60\u00b0 vees.  Suurus S-XXL     M\u00f5\u00f5tude tabel","og_url":"https:\/\/morritz.ee\/en\/toode\/kokap%c3%bcksid-unisex-black-and-white-multi-check-wtct0200\/","og_site_name":"Morritz Fashion","article_modified_time":"2015-11-10T18:16:35+00:00","og_image":[{"width":88,"height":148,"url":"https:\/\/morritz.ee\/wp-content\/uploads\/2014\/07\/CT0220-88x148.jpg","type":"image\/jpeg"}],"twitter_card":"summary_large_image","schema":{"@context":"https:\/\/schema.org","@graph":[{"@type":"WebPage","@id":"https:\/\/morritz.ee\/en\/toode\/kokap%c3%bcksid-unisex-black-and-white-multi-check-wtct0200\/","url":"https:\/\/morritz.ee\/en\/toode\/kokap%c3%bcksid-unisex-black-and-white-multi-check-wtct0200\/","name":"The chef's trousers Unisex Black and white multi check WTCT0200 - Morritz Fashion","isPartOf":{"@id":"https:\/\/morritz.ee\/en\/#website"},"primaryImageOfPage":{"@id":"https:\/\/morritz.ee\/en\/toode\/kokap%c3%bcksid-unisex-black-and-white-multi-check-wtct0200\/#primaryimage"},"image":{"@id":"https:\/\/morritz.ee\/en\/toode\/kokap%c3%bcksid-unisex-black-and-white-multi-check-wtct0200\/#primaryimage"},"thumbnailUrl":"https:\/\/morritz.ee\/wp-content\/uploads\/2014\/07\/CT0220-88x148.jpg","datePublished":"2014-07-21T12:57:24+00:00","dateModified":"2015-11-10T18:16:35+00:00","breadcrumb":{"@id":"https:\/\/morritz.ee\/en\/toode\/kokap%c3%bcksid-unisex-black-and-white-multi-check-wtct0200\/#breadcrumb"},"inLanguage":"en-US","potentialAction":[{"@type":"ReadAction","target":["https:\/\/morritz.ee\/en\/toode\/kokap%c3%bcksid-unisex-black-and-white-multi-check-wtct0200\/"]}]},{"@type":"ImageObject","inLanguage":"en-US","@id":"https:\/\/morritz.ee\/en\/toode\/kokap%c3%bcksid-unisex-black-and-white-multi-check-wtct0200\/#primaryimage","url":"https:\/\/morritz.ee\/wp-content\/uploads\/2014\/07\/CT0220-88x148.jpg","contentUrl":"https:\/\/morritz.ee\/wp-content\/uploads\/2014\/07\/CT0220-88x148.jpg","width":88,"height":148},{"@type":"BreadcrumbList","@id":"https:\/\/morritz.ee\/en\/toode\/kokap%c3%bcksid-unisex-black-and-white-multi-check-wtct0200\/#breadcrumb","itemListElement":[{"@type":"ListItem","position":1,"name":"Home","item":"https:\/\/morritz.ee\/en\/"},{"@type":"ListItem","position":2,"name":"Tooted","item":"https:\/\/morritz.ee\/tooted\/"},{"@type":"ListItem","position":3,"name":"The chef&#8217;s trousers Unisex Black and white multi check WTCT0200"}]},{"@type":"WebSite","@id":"https:\/\/morritz.ee\/en\/#website","url":"https:\/\/morritz.ee\/en\/","name":"Morritz Fashion","description":"","potentialAction":[{"@type":"SearchAction","target":{"@type":"EntryPoint","urlTemplate":"https:\/\/morritz.ee\/en\/?s={search_term_string}"},"query-input":{"@type":"PropertyValueSpecification","valueRequired":true,"valueName":"search_term_string"}}],"inLanguage":"en-US"}]}},"_links":{"self":[{"href":"https:\/\/morritz.ee\/en\/wp-json\/wp\/v2\/product\/18961","targetHints":{"allow":["GET"]}}],"collection":[{"href":"https:\/\/morritz.ee\/en\/wp-json\/wp\/v2\/product"}],"about":[{"href":"https:\/\/morritz.ee\/en\/wp-json\/wp\/v2\/types\/product"}],"wp:featuredmedia":[{"embeddable":true,"href":"https:\/\/morritz.ee\/en\/wp-json\/wp\/v2\/media\/17426"}],"wp:attachment":[{"href":"https:\/\/morritz.ee\/en\/wp-json\/wp\/v2\/media?parent=18961"}],"wp:term":[{"taxonomy":"product_brand","embeddable":true,"href":"https:\/\/morritz.ee\/en\/wp-json\/wp\/v2\/product_brand?post=18961"},{"taxonomy":"product_cat","embeddable":true,"href":"https:\/\/morritz.ee\/en\/wp-json\/wp\/v2\/product_cat?post=18961"},{"taxonomy":"product_tag","embeddable":true,"href":"https:\/\/morritz.ee\/en\/wp-json\/wp\/v2\/product_tag?post=18961"}],"curies":[{"name":"wp","href":"https:\/\/api.w.org\/{rel}","templated":true}]}}