{"id":18944,"date":"2014-07-21T13:12:16","date_gmt":"2014-07-21T13:12:16","guid":{"rendered":"http:\/\/www.morritz.ee\/en\/tooted\/pikk-p%c3%b5ll-wtmp1280-rownoatmeal\/"},"modified":"2015-11-10T20:12:43","modified_gmt":"2015-11-10T18:12:43","slug":"pikk-p%c3%b5ll-wtmp1280-rownoatmeal","status":"publish","type":"product","link":"https:\/\/morritz.ee\/en\/toode\/pikk-p%c3%b5ll-wtmp1280-rownoatmeal\/","title":{"rendered":"Long apron WTMP1280 rown\/oatmeal"},"content":{"rendered":"","protected":false},"excerpt":{"rendered":"<div>\n<p>Pikkus 92cm\/36in, laius\u00a092cm\/36in.<br \/>\nPildil number 3.<\/p>\n<\/div>\n<form id=\"product_1214\" action=\"https:\/\/morritz.ee\/tootekataloog\/polled\/pikk-poll-wtmp1280-rownoatmeal-lk-171\/\" enctype=\"multipart\/form-data\" method=\"post\" name=\"1\">\n<div><\/div>\n<\/form>\n<p><a href=\"https:\/\/morritz.ee\/wp-content\/uploads\/2011\/09\/Size-charts.jpg\" target=\"_blank\">M\u00f5\u00f5tude tabel<\/a><\/p>\n","protected":false},"featured_media":17444,"template":"","meta":{"_acf_changed":false},"product_brand":[],"product_cat":[111],"product_tag":[],"class_list":{"0":"post-18944","1":"product","2":"type-product","3":"status-publish","4":"has-post-thumbnail","6":"product_cat-chef-aprons","8":"first","9":"instock","10":"shipping-taxable","11":"product-type-simple"},"acf":[],"yoast_head":"<!-- This site is optimized with the Yoast SEO plugin v27.5 - https:\/\/yoast.com\/product\/yoast-seo-wordpress\/ -->\n<title>Long apron WTMP1280 rown\/oatmeal - Morritz Fashion<\/title>\n<meta name=\"robots\" content=\"index, follow, max-snippet:-1, max-image-preview:large, max-video-preview:-1\" \/>\n<link rel=\"canonical\" href=\"https:\/\/morritz.ee\/en\/toode\/pikk-p%c3%b5ll-wtmp1280-rownoatmeal\/\" \/>\n<meta property=\"og:locale\" content=\"en_US\" \/>\n<meta property=\"og:type\" content=\"article\" \/>\n<meta property=\"og:title\" content=\"Long apron WTMP1280 rown\/oatmeal - Morritz Fashion\" \/>\n<meta property=\"og:description\" content=\"Pikkus 92cm\/36in, laius\u00a092cm\/36in. Pildil number 3.     M\u00f5\u00f5tude tabel\" \/>\n<meta property=\"og:url\" content=\"https:\/\/morritz.ee\/en\/toode\/pikk-p%c3%b5ll-wtmp1280-rownoatmeal\/\" \/>\n<meta property=\"og:site_name\" content=\"Morritz Fashion\" \/>\n<meta property=\"article:modified_time\" content=\"2015-11-10T18:12:43+00:00\" \/>\n<meta property=\"og:image\" content=\"https:\/\/morritz.ee\/wp-content\/uploads\/2014\/07\/P\u00f6\u00f6ratav-p\u00f5ll-WTMP1270-Brownoatmeal-lk-171-148x1201.jpg\" \/>\n\t<meta property=\"og:image:width\" content=\"148\" \/>\n\t<meta property=\"og:image:height\" content=\"120\" \/>\n\t<meta property=\"og:image:type\" content=\"image\/jpeg\" \/>\n<meta name=\"twitter:card\" content=\"summary_large_image\" \/>\n<script type=\"application\/ld+json\" class=\"yoast-schema-graph\">{\"@context\":\"https:\\\/\\\/schema.org\",\"@graph\":[{\"@type\":\"WebPage\",\"@id\":\"https:\\\/\\\/morritz.ee\\\/en\\\/toode\\\/pikk-p%c3%b5ll-wtmp1280-rownoatmeal\\\/\",\"url\":\"https:\\\/\\\/morritz.ee\\\/en\\\/toode\\\/pikk-p%c3%b5ll-wtmp1280-rownoatmeal\\\/\",\"name\":\"Long apron WTMP1280 rown\\\/oatmeal - Morritz Fashion\",\"isPartOf\":{\"@id\":\"https:\\\/\\\/morritz.ee\\\/en\\\/#website\"},\"primaryImageOfPage\":{\"@id\":\"https:\\\/\\\/morritz.ee\\\/en\\\/toode\\\/pikk-p%c3%b5ll-wtmp1280-rownoatmeal\\\/#primaryimage\"},\"image\":{\"@id\":\"https:\\\/\\\/morritz.ee\\\/en\\\/toode\\\/pikk-p%c3%b5ll-wtmp1280-rownoatmeal\\\/#primaryimage\"},\"thumbnailUrl\":\"https:\\\/\\\/morritz.ee\\\/wp-content\\\/uploads\\\/2014\\\/07\\\/P\u00f6\u00f6ratav-p\u00f5ll-WTMP1270-Brownoatmeal-lk-171-148x1201.jpg\",\"datePublished\":\"2014-07-21T13:12:16+00:00\",\"dateModified\":\"2015-11-10T18:12:43+00:00\",\"breadcrumb\":{\"@id\":\"https:\\\/\\\/morritz.ee\\\/en\\\/toode\\\/pikk-p%c3%b5ll-wtmp1280-rownoatmeal\\\/#breadcrumb\"},\"inLanguage\":\"en-US\",\"potentialAction\":[{\"@type\":\"ReadAction\",\"target\":[\"https:\\\/\\\/morritz.ee\\\/en\\\/toode\\\/pikk-p%c3%b5ll-wtmp1280-rownoatmeal\\\/\"]}]},{\"@type\":\"ImageObject\",\"inLanguage\":\"en-US\",\"@id\":\"https:\\\/\\\/morritz.ee\\\/en\\\/toode\\\/pikk-p%c3%b5ll-wtmp1280-rownoatmeal\\\/#primaryimage\",\"url\":\"https:\\\/\\\/morritz.ee\\\/wp-content\\\/uploads\\\/2014\\\/07\\\/P\u00f6\u00f6ratav-p\u00f5ll-WTMP1270-Brownoatmeal-lk-171-148x1201.jpg\",\"contentUrl\":\"https:\\\/\\\/morritz.ee\\\/wp-content\\\/uploads\\\/2014\\\/07\\\/P\u00f6\u00f6ratav-p\u00f5ll-WTMP1270-Brownoatmeal-lk-171-148x1201.jpg\",\"width\":148,\"height\":120},{\"@type\":\"BreadcrumbList\",\"@id\":\"https:\\\/\\\/morritz.ee\\\/en\\\/toode\\\/pikk-p%c3%b5ll-wtmp1280-rownoatmeal\\\/#breadcrumb\",\"itemListElement\":[{\"@type\":\"ListItem\",\"position\":1,\"name\":\"Home\",\"item\":\"https:\\\/\\\/morritz.ee\\\/en\\\/\"},{\"@type\":\"ListItem\",\"position\":2,\"name\":\"Tooted\",\"item\":\"https:\\\/\\\/morritz.ee\\\/tooted\\\/\"},{\"@type\":\"ListItem\",\"position\":3,\"name\":\"Long apron WTMP1280 rown\\\/oatmeal\"}]},{\"@type\":\"WebSite\",\"@id\":\"https:\\\/\\\/morritz.ee\\\/en\\\/#website\",\"url\":\"https:\\\/\\\/morritz.ee\\\/en\\\/\",\"name\":\"Morritz Fashion\",\"description\":\"\",\"potentialAction\":[{\"@type\":\"SearchAction\",\"target\":{\"@type\":\"EntryPoint\",\"urlTemplate\":\"https:\\\/\\\/morritz.ee\\\/en\\\/?s={search_term_string}\"},\"query-input\":{\"@type\":\"PropertyValueSpecification\",\"valueRequired\":true,\"valueName\":\"search_term_string\"}}],\"inLanguage\":\"en-US\"}]}<\/script>\n<!-- \/ Yoast SEO plugin. -->","yoast_head_json":{"title":"Long apron WTMP1280 rown\/oatmeal - Morritz Fashion","robots":{"index":"index","follow":"follow","max-snippet":"max-snippet:-1","max-image-preview":"max-image-preview:large","max-video-preview":"max-video-preview:-1"},"canonical":"https:\/\/morritz.ee\/en\/toode\/pikk-p%c3%b5ll-wtmp1280-rownoatmeal\/","og_locale":"en_US","og_type":"article","og_title":"Long apron WTMP1280 rown\/oatmeal - Morritz Fashion","og_description":"Pikkus 92cm\/36in, laius\u00a092cm\/36in. Pildil number 3.     M\u00f5\u00f5tude tabel","og_url":"https:\/\/morritz.ee\/en\/toode\/pikk-p%c3%b5ll-wtmp1280-rownoatmeal\/","og_site_name":"Morritz Fashion","article_modified_time":"2015-11-10T18:12:43+00:00","og_image":[{"width":148,"height":120,"url":"https:\/\/morritz.ee\/wp-content\/uploads\/2014\/07\/P\u00f6\u00f6ratav-p\u00f5ll-WTMP1270-Brownoatmeal-lk-171-148x1201.jpg","type":"image\/jpeg"}],"twitter_card":"summary_large_image","schema":{"@context":"https:\/\/schema.org","@graph":[{"@type":"WebPage","@id":"https:\/\/morritz.ee\/en\/toode\/pikk-p%c3%b5ll-wtmp1280-rownoatmeal\/","url":"https:\/\/morritz.ee\/en\/toode\/pikk-p%c3%b5ll-wtmp1280-rownoatmeal\/","name":"Long apron WTMP1280 rown\/oatmeal - Morritz Fashion","isPartOf":{"@id":"https:\/\/morritz.ee\/en\/#website"},"primaryImageOfPage":{"@id":"https:\/\/morritz.ee\/en\/toode\/pikk-p%c3%b5ll-wtmp1280-rownoatmeal\/#primaryimage"},"image":{"@id":"https:\/\/morritz.ee\/en\/toode\/pikk-p%c3%b5ll-wtmp1280-rownoatmeal\/#primaryimage"},"thumbnailUrl":"https:\/\/morritz.ee\/wp-content\/uploads\/2014\/07\/P\u00f6\u00f6ratav-p\u00f5ll-WTMP1270-Brownoatmeal-lk-171-148x1201.jpg","datePublished":"2014-07-21T13:12:16+00:00","dateModified":"2015-11-10T18:12:43+00:00","breadcrumb":{"@id":"https:\/\/morritz.ee\/en\/toode\/pikk-p%c3%b5ll-wtmp1280-rownoatmeal\/#breadcrumb"},"inLanguage":"en-US","potentialAction":[{"@type":"ReadAction","target":["https:\/\/morritz.ee\/en\/toode\/pikk-p%c3%b5ll-wtmp1280-rownoatmeal\/"]}]},{"@type":"ImageObject","inLanguage":"en-US","@id":"https:\/\/morritz.ee\/en\/toode\/pikk-p%c3%b5ll-wtmp1280-rownoatmeal\/#primaryimage","url":"https:\/\/morritz.ee\/wp-content\/uploads\/2014\/07\/P\u00f6\u00f6ratav-p\u00f5ll-WTMP1270-Brownoatmeal-lk-171-148x1201.jpg","contentUrl":"https:\/\/morritz.ee\/wp-content\/uploads\/2014\/07\/P\u00f6\u00f6ratav-p\u00f5ll-WTMP1270-Brownoatmeal-lk-171-148x1201.jpg","width":148,"height":120},{"@type":"BreadcrumbList","@id":"https:\/\/morritz.ee\/en\/toode\/pikk-p%c3%b5ll-wtmp1280-rownoatmeal\/#breadcrumb","itemListElement":[{"@type":"ListItem","position":1,"name":"Home","item":"https:\/\/morritz.ee\/en\/"},{"@type":"ListItem","position":2,"name":"Tooted","item":"https:\/\/morritz.ee\/tooted\/"},{"@type":"ListItem","position":3,"name":"Long apron WTMP1280 rown\/oatmeal"}]},{"@type":"WebSite","@id":"https:\/\/morritz.ee\/en\/#website","url":"https:\/\/morritz.ee\/en\/","name":"Morritz Fashion","description":"","potentialAction":[{"@type":"SearchAction","target":{"@type":"EntryPoint","urlTemplate":"https:\/\/morritz.ee\/en\/?s={search_term_string}"},"query-input":{"@type":"PropertyValueSpecification","valueRequired":true,"valueName":"search_term_string"}}],"inLanguage":"en-US"}]}},"_links":{"self":[{"href":"https:\/\/morritz.ee\/en\/wp-json\/wp\/v2\/product\/18944","targetHints":{"allow":["GET"]}}],"collection":[{"href":"https:\/\/morritz.ee\/en\/wp-json\/wp\/v2\/product"}],"about":[{"href":"https:\/\/morritz.ee\/en\/wp-json\/wp\/v2\/types\/product"}],"wp:featuredmedia":[{"embeddable":true,"href":"https:\/\/morritz.ee\/en\/wp-json\/wp\/v2\/media\/17444"}],"wp:attachment":[{"href":"https:\/\/morritz.ee\/en\/wp-json\/wp\/v2\/media?parent=18944"}],"wp:term":[{"taxonomy":"product_brand","embeddable":true,"href":"https:\/\/morritz.ee\/en\/wp-json\/wp\/v2\/product_brand?post=18944"},{"taxonomy":"product_cat","embeddable":true,"href":"https:\/\/morritz.ee\/en\/wp-json\/wp\/v2\/product_cat?post=18944"},{"taxonomy":"product_tag","embeddable":true,"href":"https:\/\/morritz.ee\/en\/wp-json\/wp\/v2\/product_tag?post=18944"}],"curies":[{"name":"wp","href":"https:\/\/api.w.org\/{rel}","templated":true}]}}